{"id":17627,"date":"2017-05-23T08:18:36","date_gmt":"2017-05-23T05:18:36","guid":{"rendered":"https:\/\/dailyplaza.ro\/casa\/"},"modified":"2024-11-04T15:14:37","modified_gmt":"2024-11-04T12:14:37","slug":"casa","status":"publish","type":"page","link":"https:\/\/dailyplaza.ro\/it\/","title":{"rendered":"Casa"},"content":{"rendered":"<div id=\"cmsmasters_row_2375c7f785\" class=\"cmsmasters_row cmsmasters_color_scheme_default cmsmasters_row_top_default cmsmasters_row_bot_default cmsmasters_row_boxed\">\n<div class=\"cmsmasters_row_outer_parent\">\n<div class=\"cmsmasters_row_outer\">\n<div class=\"cmsmasters_row_inner\">\n<div class=\"cmsmasters_row_margin\">\n<div id=\"cmsmasters_column_cdddf24f42\" class=\"cmsmasters_column one_first\">\n<div class=\"cmsmasters_column_inner\"><p><\/p>\n<\/div><\/div>\n<\/div>\n<\/div>\n<\/div>\n<\/div>\n<\/div>\n<div id=\"cmsmasters_row_3134339493\" class=\"cmsmasters_row cmsmasters_color_scheme_default cmsmasters_row_top_default cmsmasters_row_bot_default cmsmasters_row_fullwidth\">\n<div class=\"cmsmasters_row_outer_parent\">\n<div class=\"cmsmasters_row_outer\">\n<div class=\"cmsmasters_row_inner cmsmasters_row_fullwidth\">\n<div class=\"cmsmasters_row_margin\">\n<div id=\"cmsmasters_column_b8c40e5d6e\" class=\"cmsmasters_column one_first\">\n<div class=\"cmsmasters_column_inner\">\n<div class=\"cmsmasters_slider\">\n\t\t\t\t<p class=\"rs-p-wp-fix\"><\/p>\n\t\t\t\t<sr7-module data-alias=\"city-hotel-1\" data-id=\"5\" id=\"SR7_5_1\" class=\"rs-ov-hidden\" data-version=\"6.7.15\">\n\t\t\t\t\t<sr7-adjuster><\/sr7-adjuster>\n\t\t\t\t\t<sr7-content>\n\t\t\t\t\t\t<sr7-slide id=\"SR7_5_1-19\" data-key=\"19\">\n\t\t\t\t\t\t\t<sr7-bg id=\"SR7_5_1-19-5\" class=\"sr7-layer\"><noscript><img decoding=\"async\" src=\"https:\/\/dailyplaza.ro\/wp-content\/uploads\/2024\/10\/daily-plaza-hotel-suceava-08-24-resize-98-e1727869828528.jpg\" alt=\"\" title=\"daily-plaza-hotel-suceava-08-24-resize-98\"><\/noscript><\/sr7-bg>\n\t\t\t\t\t\t\t<h6 id=\"SR7_5_1-19-1\" class=\"sr7-layer\">DAILY PLAZA HOTEL<\/h6>\n\t\t\t\t\t\t\t<sr7-txt id=\"SR7_5_1-19-2\" class=\"sr7-layer\">Comfort e Serenit\u00e0<\/sr7-txt>\n\t\t\t\t\t\t\t<sr7-txt id=\"SR7_5_1-19-4\" class=\"sr7-layer\">SCOPRI DI PI\u00d9<\/sr7-txt>\n\t\t\t\t\t\t<\/sr7-slide>\n\t\t\t\t\t\t<sr7-slide id=\"SR7_5_1-20\" data-key=\"20\">\n\t\t\t\t\t\t\t<sr7-bg id=\"SR7_5_1-20-5\" class=\"sr7-layer\"><noscript><img decoding=\"async\" src=\"https:\/\/dailyplaza.ro\/wp-content\/uploads\/2024\/10\/daily-plaza-hotel-suceava-08-24-resize-33-e1727870220638.jpg\" alt=\"\" title=\"daily-plaza-hotel-suceava-08-24-resize-33\"><\/noscript><\/sr7-bg>\n\t\t\t\t\t\t\t<h6 id=\"SR7_5_1-20-1\" class=\"sr7-layer\">DAILY PLAZA HOTEL<\/h6>\n\t\t\t\t\t\t\t<sr7-txt id=\"SR7_5_1-20-2\" class=\"sr7-layer\">Un Soggiorno Memorabile<\/sr7-txt>\n\t\t\t\t\t\t\t<a id=\"SR7_5_1-20-4\" class=\"sr7-layer\" href=\"\/rezervare\/\" target=\"_self\">PRENOTA<\/a>\n\t\t\t\t\t\t<\/sr7-slide>\n\t\t\t\t\t\t<sr7-slide id=\"SR7_5_1-14\" data-key=\"14\">\n\t\t\t\t\t\t<\/sr7-slide>\n\t\t\t\t\t<\/sr7-content>\n\t\t\t\t\t<image_lists style=\"display:none\">\n\t\t\t\t\t\t<img data-src=\"\/\/dailyplaza.ro\/wp-content\/uploads\/2024\/10\/daily-plaza-hotel-suceava-08-24-resize-98-e1727869828528.jpg\" data-libid=\"17344\" data-lib=\"medialibrary\" title=\"daily-plaza-hotel-suceava-08-24-resize-98\" width=\"0\" height=\"0\" data-dbsrc=\"Ly9kYWlseXBsYXphLnJvL3dwLWNvbnRlbnQvdXBsb2Fkcy8yMDI0LzEwL2RhaWx5LXBsYXphLWhvdGVsLXN1Y2VhdmEtMDgtMjQtcmVzaXplLTk4LWUxNzI3ODY5ODI4NTI4LmpwZw==\"\/>\n\t\t\t\t\t\t<img data-src=\"\/\/dailyplaza.ro\/wp-content\/uploads\/2024\/10\/daily-plaza-hotel-suceava-08-24-resize-33-e1727870220638.jpg\" data-libid=\"17349\" data-lib=\"medialibrary\" title=\"daily-plaza-hotel-suceava-08-24-resize-33\" width=\"0\" height=\"0\" data-dbsrc=\"Ly9kYWlseXBsYXphLnJvL3dwLWNvbnRlbnQvdXBsb2Fkcy8yMDI0LzEwL2RhaWx5LXBsYXphLWhvdGVsLXN1Y2VhdmEtMDgtMjQtcmVzaXplLTMzLWUxNzI3ODcwMjIwNjM4LmpwZw==\"\/>\n\t\t\t\t\t<\/image_lists>\n\t\t\t\t<\/sr7-module>\n\t\t\t\t<script>\n\t\t\t\t\tSR7.PMH ??={}; SR7.PMH[\"SR7_5_1\"] = {cn:0,state:false,fn: function() { if (_tpt!==undefined && _tpt.prepareModuleHeight !== undefined) {  _tpt.prepareModuleHeight({id:\"SR7_5_1\",el:[885,885,768,600,420],type:'standard',shdw:'0',gh:[885,885,768,600,420],gw:[1920,1920,1024,778,480],vpt:['100px&#039;,&#039;100px&#039;,&#039;100px&#039;,&#039;100px&#039;,&#039;100px'],size:{fullWidth:false, fullHeight:false},mh:'0',onh:0,onw:0,bg:{color:'{\"orig\":\"transparent\",\"type\":\"solid\",\"string\":\"transparent\"}'},plType:'0',plColor:'#FFFFFF'});   SR7.PMH[\"SR7_5_1\"].state=true;} else if((SR7.PMH[\"SR7_5_1\"].cn++)<100)\tsetTimeout( SR7.PMH[\"SR7_5_1\"].fn,19);}};SR7.PMH[\"SR7_5_1\" ].fn();\n\t\t\t\t<\/script>\n<\/div>\n<\/div><\/div>\n<\/div>\n<\/div>\n<\/div>\n<\/div>\n<\/div>\n<div id=\"cmsmasters_row_29c43b215b\" class=\"cmsmasters_row cmsmasters_color_scheme_default cmsmasters_row_top_default cmsmasters_row_bot_default cmsmasters_row_fullwidth\">\n<div class=\"cmsmasters_row_outer_parent\">\n<div class=\"cmsmasters_row_outer\">\n<div class=\"cmsmasters_row_inner cmsmasters_row_fullwidth cmsmasters_row_no_margin\">\n<div class=\"cmsmasters_row_margin cmsmasters_row_columns_behavior\">\n<div id=\"cmsmasters_column_24ddda560b\" class=\"cmsmasters_column one_half\">\n<div class=\"cmsmasters_column_inner\"><div id=\"cmsmasters_fb_aeb824ab39\" class=\"cmsmasters_featured_block\">\n<div class=\"featured_block_inner\">\n<div class=\"featured_block_text\">\n<div class=\"cmsmasters_heading\" style=\"text-align: center;\"><div id=\"cmsmasters_heading_631c906a47\" class=\"cmsmasters_heading_wrap cmsmasters_heading_align_center\">\n\t<h3 class=\"cmsmasters_heading\">Benvenuti<\/h3>\n<\/div><div id=\"cmsmasters_heading_f4d484ebdc\" class=\"cmsmasters_heading_wrap cmsmasters_heading_align_center\">\n\t<h2 class=\"cmsmasters_heading\">Hotel in stile boutique nel cuore di Suceava, in Romania.<\/h2>\n<\/div><\/div>\n<p style=\"text-align: center;\"><span style=\"color: #6a6a6a; font-size: 20px; line-height: 28px;\">Il Daily Plaza Hotel \u00e8 una vibrante miscela di storia e modernismo nel cuore di Suceava. Qui l&#8217;ospitalit\u00e0 si fonde perfettamente con l&#8217;eleganza e il comfort per un&#8217;esperienza indimenticabile. Inoltre, si trova proprio nel centro della citt\u00e0, vicino a tutti i punti di interesse.<br \/>\n<\/span><div id=\"cmsmasters_heading_163ed12c6d\" class=\"cmsmasters_heading_wrap cmsmasters_heading_align_center\">\n\t<h4 class=\"cmsmasters_heading\"><a href=\"\/rezervare\/\">Prenota ora<\/a><\/h4>\n<\/div>\n\n<\/div>\n<\/div>\n<\/div>\n<\/div><\/div>\n<div id=\"cmsmasters_column_e02e0930e3\" class=\"cmsmasters_column one_half\">\n<div class=\"cmsmasters_column_inner\"><div id=\"cmsmasters_fb_4aff80b7df\" class=\"cmsmasters_featured_block ios_picture\">\n<div class=\"featured_block_inner\">\n<div class=\"featured_block_text\"><\/div>\n<\/div>\n<\/div>\n<\/div><\/div>\n<\/div>\n<\/div>\n<\/div>\n<\/div>\n<\/div>\n<div id=\"cmsmasters_row_1d4c30e4d6\" class=\"cmsmasters_row cmsmasters_color_scheme_default cmsmasters_row_top_default cmsmasters_row_bot_default cmsmasters_row_fullwidth\">\n<div class=\"cmsmasters_row_outer_parent\">\n<div class=\"cmsmasters_row_outer\">\n<div class=\"cmsmasters_row_inner cmsmasters_row_fullwidth cmsmasters_row_no_margin\">\n<div class=\"cmsmasters_row_margin cmsmasters_row_columns_behavior\">\n<div id=\"cmsmasters_column_90e1320cfd\" class=\"cmsmasters_column one_half\">\n<div class=\"cmsmasters_column_inner\"><div id=\"cmsmasters_fb_4dc28c2618\" class=\"cmsmasters_featured_block delete_picture\">\n<div class=\"featured_block_inner\">\n<div class=\"featured_block_text\"><\/div>\n<\/div>\n<\/div>\n<\/div><\/div>\n<div id=\"cmsmasters_column_652e776471\" class=\"cmsmasters_column one_half\">\n<div class=\"cmsmasters_column_inner\"><div id=\"cmsmasters_fb_a0efbc8f41\" class=\"cmsmasters_featured_block\">\n<div class=\"featured_block_inner\">\n<div class=\"featured_block_text\">\n<div class=\"cmsmasters_heading\" style=\"text-align: center;\"><div id=\"cmsmasters_heading_90459666ce\" class=\"cmsmasters_heading_wrap cmsmasters_heading_align_center\">\n\t<h3 class=\"cmsmasters_heading\">Servizi<\/h3>\n<\/div><div id=\"cmsmasters_heading_ecc347d859\" class=\"cmsmasters_heading_wrap cmsmasters_heading_align_center\">\n\t<h2 class=\"cmsmasters_heading\">Strutture ed extra<\/h2>\n<\/div><\/div>\n<p style=\"text-align: center;\"><span style=\"color: #6a6a6a; font-size: 20px; line-height: 28px;\">I nostri ospiti godono di camere elegantemente arredate, dotate di WiFi, aria condizionata, minibar, TV a schermo piatto, ma hanno anche a disposizione <\/span><span style=\"color: #6a6a6a; font-size: 20px;\">e<\/span> <span style=\"color: #6a6a6a; font-size: 20px;\">servizi aggiuntivi come il trasferimento dall&#8217;aeroporto, la sala conferenze, il caff\u00e8 e il bar lounge, ecc.<\/span><\/p>\n<p style=\"text-align: center;\"><div id=\"cmsmasters_heading_062f4b13ba\" class=\"cmsmasters_heading_wrap cmsmasters_heading_align_center\">\n\t<h4 class=\"cmsmasters_heading\"><a href=\"\/servicii\/\">I nostri servizi<\/a><\/h4>\n<\/div>\n\n<\/div>\n<\/div>\n<\/div>\n<\/div><\/div>\n<\/div>\n<\/div>\n<\/div>\n<\/div>\n<\/div>\n<div id=\"cmsmasters_row_8c46c46389\" class=\"cmsmasters_row cmsmasters_color_scheme_default cmsmasters_row_top_default cmsmasters_row_bot_default cmsmasters_row_boxed\">\n<div class=\"cmsmasters_row_outer_parent\">\n<div class=\"cmsmasters_row_outer\">\n<div class=\"cmsmasters_row_inner\">\n<div class=\"cmsmasters_row_margin\">\n<div id=\"cmsmasters_column_9da89facb2\" class=\"cmsmasters_column one_first\">\n<div class=\"cmsmasters_column_inner\"><div id=\"cmsmasters_heading_c396ead62b\" class=\"cmsmasters_heading_wrap cmsmasters_heading_align_center\">\n\t<h3 class=\"cmsmasters_heading\">Comfort<\/h3>\n<\/div><div id=\"cmsmasters_heading_6f0fff8178\" class=\"cmsmasters_heading_wrap cmsmasters_heading_align_center\">\n\t<h2 class=\"cmsmasters_heading\">CAMERE<\/h2>\n<\/div>\n<\/div><\/div>\n<\/div>\n<\/div>\n<\/div>\n<\/div>\n<\/div>\n<div id=\"cmsmasters_row_97741a5602\" class=\"cmsmasters_row cmsmasters_color_scheme_second cmsmasters_row_top_default cmsmasters_row_bot_default cmsmasters_row_fullwidth\">\n<div class=\"cmsmasters_row_outer_parent\">\n<div class=\"cmsmasters_row_outer\">\n<div class=\"cmsmasters_row_inner cmsmasters_row_fullwidth\">\n<div class=\"cmsmasters_row_margin\">\n<div id=\"cmsmasters_column_fc844355b3\" class=\"cmsmasters_column one_first\">\n<div class=\"cmsmasters_column_inner\"><div id=\"portfolio_fbbf680d3c\" class=\"cmsmasters_wrap_portfolio entry-summary\" data-layout=\"grid\" data-layout-mode=\"perfect\" data-url=\"https:\/\/dailyplaza.ro\/wp-content\/plugins\/cmsmasters-content-composer\/\" data-orderby=\"date\" data-order=\"ASC\" data-count=\"3\" data-categories=\"camere-daily-plaza\" data-metadata=\"title,more,price\"><div class=\"portfolio grid large_gap perfect cmsmasters_3\"><!-- Start Project Grid Article -->\n<article id=\"post-17686\" class=\"cmsmasters_project_grid post-17686 project type-project status-publish format-standard has-post-thumbnail hentry pj-categs-camere-daily-plaza-it\" data-category=\"camere-daily-plaza-it\">\n\t<div class=\"project_outer\">\n\t<div class=\"project_img_wrap\"><figure class=\"cmsmasters_img_rollover_wrap preloader\"><img loading=\"lazy\" decoding=\"async\" width=\"580\" height=\"420\" src=\"https:\/\/dailyplaza.ro\/wp-content\/uploads\/2017\/05\/daily-plaza-hotel-suceava-08-24-resize-66-580x420.jpg\" class=\"full-width wp-post-image\" alt=\"Camera Executive doppia \/ matrimoniale\" title=\"daily-plaza-hotel-suceava-08-24-resize-66\" \/><a href=\"https:\/\/dailyplaza.ro\/it\/room\/camera-executive-doppia-matrimoniale\/\" title=\"Camera Executive doppia \/ matrimoniale\" class=\"cmsmasters_open_link\"><\/a><\/figure><\/div><header class=\"cmsmasters_project_header entry-header\"><h3 class=\"cmsmasters_project_title entry-title\"><a href=\"https:\/\/dailyplaza.ro\/it\/room\/camera-executive-doppia-matrimoniale\/\">Camera Executive doppia \/ matrimoniale<\/a><\/h3><\/header><div class=\"cmsmasters_project_cont_info_wrapper\"><span class=\"cmsmasters_project_price\">A partire da 395 \/ Notte<\/span><a class=\"cmsmasters_project_read_more\" href=\"https:\/\/dailyplaza.ro\/it\/room\/camera-executive-doppia-matrimoniale\/\">Dettagli<\/a><\/div><span class=\"dn meta-date\">20240822100225<\/span>\t<\/div>\n<\/article>\n<!-- Finish Project Grid Article -->\n\n<!-- Start Project Grid Article -->\n<article id=\"post-17688\" class=\"cmsmasters_project_grid post-17688 project type-project status-publish format-standard has-post-thumbnail hentry pj-categs-camere-daily-plaza-it\" data-category=\"camere-daily-plaza-it\">\n\t<div class=\"project_outer\">\n\t<div class=\"project_img_wrap\"><figure class=\"cmsmasters_img_rollover_wrap preloader\"><img loading=\"lazy\" decoding=\"async\" width=\"580\" height=\"420\" src=\"https:\/\/dailyplaza.ro\/wp-content\/uploads\/2024\/08\/daily-plaza-hotel-suceava-08-24-resize-139-1-580x420.jpg\" class=\"full-width wp-post-image\" alt=\"Camera Standard Matrimoniale \/ Doppia con Letti Singoli\" title=\"daily-plaza-hotel-suceava-08-24-resize-139\" \/><a href=\"https:\/\/dailyplaza.ro\/it\/room\/camera-standard-matrimoniale-doppia-con-letti-singoli\/\" title=\"Camera Standard Matrimoniale \/ Doppia con Letti Singoli\" class=\"cmsmasters_open_link\"><\/a><\/figure><\/div><header class=\"cmsmasters_project_header entry-header\"><h3 class=\"cmsmasters_project_title entry-title\"><a href=\"https:\/\/dailyplaza.ro\/it\/room\/camera-standard-matrimoniale-doppia-con-letti-singoli\/\">Camera Standard Matrimoniale \/ Doppia con Letti Singoli<\/a><\/h3><\/header><div class=\"cmsmasters_project_cont_info_wrapper\"><span class=\"cmsmasters_project_price\">A partire da 385 \/ Notte<\/span><a class=\"cmsmasters_project_read_more\" href=\"https:\/\/dailyplaza.ro\/it\/room\/camera-standard-matrimoniale-doppia-con-letti-singoli\/\">Dettagli<\/a><\/div><span class=\"dn meta-date\">20240822100844<\/span>\t<\/div>\n<\/article>\n<!-- Finish Project Grid Article -->\n\n<!-- Start Project Grid Article -->\n<article id=\"post-17690\" class=\"cmsmasters_project_grid post-17690 project type-project status-publish format-standard has-post-thumbnail hentry pj-categs-camere-daily-plaza-it\" data-category=\"camere-daily-plaza-it\">\n\t<div class=\"project_outer\">\n\t<div class=\"project_img_wrap\"><figure class=\"cmsmasters_img_rollover_wrap preloader\"><img loading=\"lazy\" decoding=\"async\" width=\"580\" height=\"420\" src=\"https:\/\/dailyplaza.ro\/wp-content\/uploads\/2017\/05\/daily-plaza-hotel-suceava-08-24-resize-86-e1727822466337-580x420.jpg\" class=\"full-width wp-post-image\" alt=\"Suite Executive\" title=\"daily-plaza-hotel-suceava-08-24-resize-86\" \/><a href=\"https:\/\/dailyplaza.ro\/it\/room\/suite-executive\/\" title=\"Suite Executive\" class=\"cmsmasters_open_link\"><\/a><\/figure><\/div><header class=\"cmsmasters_project_header entry-header\"><h3 class=\"cmsmasters_project_title entry-title\"><a href=\"https:\/\/dailyplaza.ro\/it\/room\/suite-executive\/\">Suite Executive<\/a><\/h3><\/header><div class=\"cmsmasters_project_cont_info_wrapper\"><span class=\"cmsmasters_project_price\">A partire da 460\/notte<\/span><a class=\"cmsmasters_project_read_more\" href=\"https:\/\/dailyplaza.ro\/it\/room\/suite-executive\/\">Dettagli<\/a><\/div><span class=\"dn meta-date\">20240822101015<\/span>\t<\/div>\n<\/article>\n<!-- Finish Project Grid Article -->\n\n<\/div><\/div>\n<\/div><\/div>\n<\/div>\n<\/div>\n<\/div>\n<\/div>\n<\/div>\n<div id=\"cmsmasters_row_528c7df659\" class=\"cmsmasters_row cmsmasters_color_scheme_default cmsmasters_row_top_default cmsmasters_row_bot_default cmsmasters_row_boxed\">\n<div class=\"cmsmasters_row_outer_parent\">\n<div class=\"cmsmasters_row_outer\">\n<div class=\"cmsmasters_row_inner\">\n<div class=\"cmsmasters_row_margin\">\n<div id=\"cmsmasters_column_fa244e5f7a\" class=\"cmsmasters_column one_first\">\n<div class=\"cmsmasters_column_inner\"><div id=\"cmsmasters_heading_bc3f4cffdc\" class=\"cmsmasters_heading_wrap cmsmasters_heading_align_center\">\n\t<h3 class=\"cmsmasters_heading\">Articoli<\/h3>\n<\/div><div id=\"cmsmasters_heading_bdae8491d5\" class=\"cmsmasters_heading_wrap cmsmasters_heading_align_center\">\n\t<h2 class=\"cmsmasters_heading\">BLOG<\/h2>\n<\/div>\n<\/div><\/div>\n<\/div>\n<\/div>\n<\/div>\n<\/div>\n<\/div>\n<div id=\"cmsmasters_row_376cac4b95\" class=\"cmsmasters_row cmsmasters_color_scheme_default cmsmasters_row_top_default cmsmasters_row_bot_default cmsmasters_row_fullwidth\">\n<div class=\"cmsmasters_row_outer_parent\">\n<div class=\"cmsmasters_row_outer\">\n<div class=\"cmsmasters_row_inner cmsmasters_row_fullwidth\">\n<div class=\"cmsmasters_row_margin\">\n<div id=\"cmsmasters_column_d8835fc0d7\" class=\"cmsmasters_column one_first\">\n<div class=\"cmsmasters_column_inner\">\n<div class=\"cmsmasters_posts_slider\" >\n\t\t<div id=\"cmsmasters_slider_ece3b82efd\" class=\"cmsmasters_owl_slider owl-carousel\" data-items=\"3\" data-pagination=\"false\" data-navigation=\"true\" data-single-item=\"false\" data-auto-play=\"5000\"><div class=\"cmsmasters_owl_slider_item\"><!-- Start Posts Slider Post Article -->\n<article id=\"post-17581\" class=\"cmsmasters_slider_post post-17581 post type-post status-publish format-image has-post-thumbnail hentry category-viaggiatori post_format-post-format-image\">\n\t<div class=\"cmsmasters_slider_post_outer\">\n\t<figure class=\"cmsmasters_img_rollover_wrap preloader\"><img loading=\"lazy\" decoding=\"async\" width=\"580\" height=\"420\" src=\"https:\/\/dailyplaza.ro\/wp-content\/uploads\/2017\/05\/Calatoreste-activ-580x420.png\" class=\"full-width wp-post-image\" alt=\"Ti piacciono le vacanze attive? Vieni in Bucovina!\" title=\"Calatoreste activ\" \/><a href=\"https:\/\/dailyplaza.ro\/it\/ti-piacciono-le-vacanze-attive-vieni-in-bucovina\/\" title=\"Ti piacciono le vacanze attive? Vieni in Bucovina!\" class=\"cmsmasters_open_link\"><\/a><\/figure>\t<\/div>\n<\/article>\n<!-- Finish Posts Slider Post Article -->\n\n<\/div><div class=\"cmsmasters_owl_slider_item\"><!-- Start Posts Slider Post Article -->\n<article id=\"post-17604\" class=\"cmsmasters_slider_post post-17604 post type-post status-publish format-image has-post-thumbnail hentry category-affari post_format-post-format-image\">\n\t<div class=\"cmsmasters_slider_post_outer\">\n\t<figure class=\"cmsmasters_img_rollover_wrap preloader\"><img loading=\"lazy\" decoding=\"async\" width=\"580\" height=\"420\" src=\"https:\/\/dailyplaza.ro\/wp-content\/uploads\/2017\/05\/Sala-conferinte-580x420.png\" class=\"full-width wp-post-image\" alt=\"Come pianificare un viaggio di lavoro\" title=\"Sala conferinte\" \/><a href=\"https:\/\/dailyplaza.ro\/it\/come-pianificare-un-viaggio-di-lavoro\/\" title=\"Come pianificare un viaggio di lavoro\" class=\"cmsmasters_open_link\"><\/a><\/figure>\t<\/div>\n<\/article>\n<!-- Finish Posts Slider Post Article -->\n\n<\/div><div class=\"cmsmasters_owl_slider_item\"><!-- Start Posts Slider Post Article -->\n<article id=\"post-17585\" class=\"cmsmasters_slider_post post-17585 post type-post status-publish format-image has-post-thumbnail hentry category-viaggiatori post_format-post-format-image\">\n\t<div class=\"cmsmasters_slider_post_outer\">\n\t<figure class=\"cmsmasters_img_rollover_wrap preloader\"><img loading=\"lazy\" decoding=\"async\" width=\"580\" height=\"420\" src=\"https:\/\/dailyplaza.ro\/wp-content\/uploads\/2017\/05\/Cetatea-Sucevei-580x420.png\" class=\"full-width wp-post-image\" alt=\"Citybreak: esplora la bellezza di Suceava\" title=\"Cetatea Sucevei\" \/><a href=\"https:\/\/dailyplaza.ro\/it\/citybreak-esplora-la-bellezza-di-suceava\/\" title=\"Citybreak: esplora la bellezza di Suceava\" class=\"cmsmasters_open_link\"><\/a><\/figure>\t<\/div>\n<\/article>\n<!-- Finish Posts Slider Post Article -->\n\n<\/div><div class=\"cmsmasters_owl_slider_item\"><!-- Start Posts Slider Post Article -->\n<article id=\"post-17577\" class=\"cmsmasters_slider_post post-17577 post type-post status-publish format-image has-post-thumbnail hentry category-viaggiatori post_format-post-format-image\">\n\t<div class=\"cmsmasters_slider_post_outer\">\n\t<figure class=\"cmsmasters_img_rollover_wrap preloader\"><img loading=\"lazy\" decoding=\"async\" width=\"580\" height=\"420\" src=\"https:\/\/dailyplaza.ro\/wp-content\/uploads\/2017\/04\/Bagaj-calatorie-580x420.png\" class=\"full-width wp-post-image\" alt=\"Il tuo bagaglio da viaggio: Cosa metti in valigia?\" title=\"Bagaj calatorie\" \/><a href=\"https:\/\/dailyplaza.ro\/it\/il-tuo-bagaglio-da-viaggio-cosa-metti-in-valigia\/\" title=\"Il tuo bagaglio da viaggio: Cosa metti in valigia?\" class=\"cmsmasters_open_link\"><\/a><\/figure>\t<\/div>\n<\/article>\n<!-- Finish Posts Slider Post Article -->\n\n<\/div><div class=\"cmsmasters_owl_slider_item\"><!-- Start Posts Slider Post Article -->\n<article id=\"post-17596\" class=\"cmsmasters_slider_post post-17596 post type-post status-publish format-image has-post-thumbnail hentry category-gastronomia post_format-post-format-image\">\n\t<div class=\"cmsmasters_slider_post_outer\">\n\t<figure class=\"cmsmasters_img_rollover_wrap preloader\"><img loading=\"lazy\" decoding=\"async\" width=\"580\" height=\"420\" src=\"https:\/\/dailyplaza.ro\/wp-content\/uploads\/2017\/04\/Mancare-bufet-580x420.png\" class=\"full-width wp-post-image\" alt=\"La Bucovina in cucina: un viaggio culinario\" title=\"Mancare bufet\" \/><a href=\"https:\/\/dailyplaza.ro\/it\/la-bucovina-in-cucina-un-viaggio-culinario\/\" title=\"La Bucovina in cucina: un viaggio culinario\" class=\"cmsmasters_open_link\"><\/a><\/figure>\t<\/div>\n<\/article>\n<!-- Finish Posts Slider Post Article -->\n\n<\/div><\/div><\/div>\n<\/div><\/div>\n<\/div>\n<\/div>\n<\/div>\n<\/div>\n<\/div>\n<div id=\"cmsmasters_row_e616f20fa0\" class=\"cmsmasters_row cmsmasters_color_scheme_first cmsmasters_row_top_default cmsmasters_row_bot_default cmsmasters_row_boxed\">\n<div class=\"cmsmasters_row_outer_parent\">\n<div class=\"cmsmasters_row_overlay\"><\/div>\n<div class=\"cmsmasters_row_outer\">\n<div class=\"cmsmasters_row_inner\">\n<div class=\"cmsmasters_row_margin\">\n<div id=\"cmsmasters_column_5fd6b43bac\" class=\"cmsmasters_column one_first\">\n<div class=\"cmsmasters_column_inner\"><div id=\"cmsmasters_heading_40e47e76d1\" class=\"cmsmasters_heading_wrap cmsmasters_heading_align_center\">\n\t<h3 class=\"cmsmasters_heading\">Testimonianze<\/h3>\n<\/div><div id=\"cmsmasters_heading_a3a16e6265\" class=\"cmsmasters_heading_wrap cmsmasters_heading_align_center\">\n\t<h2 class=\"cmsmasters_heading\">I clienti<\/h2>\n<\/div><div class=\"cmsmasters_quotes_slider_wrap\">\n<div id=\"cmsmasters_quotes_slider_e3686a68fe\" class=\"cmsmasters_quotes cmsmasters_quotes_slider cmsmasters_quotes_slider_type_center cmsmasters_owl_slider owl-carousel\" data-auto-play=\"5000\" data-pagination=\"false\" data-navigation=\"true\"><div class=\"cmsmasters_quote cmsmasters_owl_slider_item\">\n<!-- Start Quote Slider Article -->\n<article class=\"cmsmasters_quote_inner\"><div class=\"cmsmasters_quote_placeholder\"><\/div><div class=\"cmsmasters_quote_content\">\n<p>Posto molto pulito, conveniente e ben tenuto. Il personale \u00e8 davvero cordiale e disponibile.<\/p>\n<\/div><header class=\"cmsmasters_quote_header\"><h4 class=\"cmsmasters_quote_title\">Anna<\/h4><div class=\"cmsmasters_quote_subtitle_wrap\"><h4 class=\"cmsmasters_quote_subtitle\">Ukraine<\/h4><\/div><\/header><\/article>\n<!-- Finish Quote Slider Article -->\n\n<\/div>\n<div class=\"cmsmasters_quote cmsmasters_owl_slider_item\">\n<!-- Start Quote Slider Article -->\n<article class=\"cmsmasters_quote_inner\"><div class=\"cmsmasters_quote_placeholder\"><\/div><div class=\"cmsmasters_quote_content\">\n<p>La posizione \u00e8 perfetta! Il parcheggio \u00e8 facile da trovare e quando si noleggia un&#8217;auto \u00e8 fondamentale saperlo in modo sicuro! Il personale straniero \u00e8 stato incredibilmente gentile e ha preparato una colazione perfetta, con un livello di attenzione e un sorriso costante\ud83e\udd0d l&#8217;atmosfera creata \u00e8 stata superba!<\/p>\n<\/div><header class=\"cmsmasters_quote_header\"><h4 class=\"cmsmasters_quote_title\">Oana<\/h4><div class=\"cmsmasters_quote_subtitle_wrap\"><h4 class=\"cmsmasters_quote_subtitle\">Romania<\/h4><\/div><\/header><\/article>\n<!-- Finish Quote Slider Article -->\n\n<\/div>\n<div class=\"cmsmasters_quote cmsmasters_owl_slider_item\">\n<!-- Start Quote Slider Article -->\n<article class=\"cmsmasters_quote_inner\"><div class=\"cmsmasters_quote_placeholder\"><\/div><div class=\"cmsmasters_quote_content\">\n<p>Posizione centrale, personale molto gentile, camere spaziose e confortevoli, pulite.<\/p>\n<\/div><header class=\"cmsmasters_quote_header\"><h4 class=\"cmsmasters_quote_title\">Raffaella <\/h4><div class=\"cmsmasters_quote_subtitle_wrap\"><h4 class=\"cmsmasters_quote_subtitle\">Italy<\/h4><\/div><\/header><\/article>\n<!-- Finish Quote Slider Article -->\n\n<\/div>\n<div class=\"cmsmasters_quote cmsmasters_owl_slider_item\">\n<!-- Start Quote Slider Article -->\n<article class=\"cmsmasters_quote_inner\"><div class=\"cmsmasters_quote_placeholder\"><\/div><div class=\"cmsmasters_quote_content\">\n<p>La posizione, il bagno grande, il mini bar.<\/p>\n<\/div><header class=\"cmsmasters_quote_header\"><h4 class=\"cmsmasters_quote_title\">Svitlana<\/h4><div class=\"cmsmasters_quote_subtitle_wrap\"><h4 class=\"cmsmasters_quote_subtitle\">Germany<\/h4><\/div><\/header><\/article>\n<!-- Finish Quote Slider Article -->\n\n<\/div>\n<\/div>\n<\/div>\n<\/div><\/div>\n<\/div>\n<\/div>\n<\/div>\n<\/div>\n<\/div>\n<div id=\"cmsmasters_row_316fc9a1b1\" class=\"cmsmasters_row cmsmasters_color_scheme_default cmsmasters_row_top_default cmsmasters_row_bot_default cmsmasters_row_boxed\">\n<div class=\"cmsmasters_row_outer_parent\">\n<div class=\"cmsmasters_row_outer\">\n<div class=\"cmsmasters_row_inner\">\n<div class=\"cmsmasters_row_margin\">\n<div id=\"cmsmasters_column_f35bd1e763\" class=\"cmsmasters_column one_first\">\n<div class=\"cmsmasters_column_inner\"><div id=\"cmsmasters_heading_555e1dee68\" class=\"cmsmasters_heading_wrap cmsmasters_heading_align_center\">\n\t<h3 class=\"cmsmasters_heading\">Contatto<\/h3>\n<\/div><div id=\"cmsmasters_heading_33bda09504\" class=\"cmsmasters_heading_wrap cmsmasters_heading_align_center\">\n\t<h2 class=\"cmsmasters_heading\"><a href=\"\" target=\"_blank\">+4 0751 111 308<\/a><\/h2>\n<\/div>\n<\/div><\/div>\n<\/div>\n<\/div>\n<\/div>\n<\/div>\n<\/div>\n\n","protected":false},"excerpt":{"rendered":"","protected":false},"author":1,"featured_media":0,"parent":0,"menu_order":0,"comment_status":"closed","ping_status":"closed","template":"","meta":{"footnotes":""},"class_list":["post-17627","page","type-page","status-publish","hentry"],"_links":{"self":[{"href":"https:\/\/dailyplaza.ro\/it\/wp-json\/wp\/v2\/pages\/17627","targetHints":{"allow":["GET"]}}],"collection":[{"href":"https:\/\/dailyplaza.ro\/it\/wp-json\/wp\/v2\/pages"}],"about":[{"href":"https:\/\/dailyplaza.ro\/it\/wp-json\/wp\/v2\/types\/page"}],"author":[{"embeddable":true,"href":"https:\/\/dailyplaza.ro\/it\/wp-json\/wp\/v2\/users\/1"}],"replies":[{"embeddable":true,"href":"https:\/\/dailyplaza.ro\/it\/wp-json\/wp\/v2\/comments?post=17627"}],"version-history":[{"count":2,"href":"https:\/\/dailyplaza.ro\/it\/wp-json\/wp\/v2\/pages\/17627\/revisions"}],"predecessor-version":[{"id":17695,"href":"https:\/\/dailyplaza.ro\/it\/wp-json\/wp\/v2\/pages\/17627\/revisions\/17695"}],"wp:attachment":[{"href":"https:\/\/dailyplaza.ro\/it\/wp-json\/wp\/v2\/media?parent=17627"}],"curies":[{"name":"wp","href":"https:\/\/api.w.org\/{rel}","templated":true}]}}